{"id":20,"date":"2024-05-28T22:50:26","date_gmt":"2024-05-28T22:50:26","guid":{"rendered":"https:\/\/nudes.christmas\/?page_id=20"},"modified":"2025-11-13T20:22:47","modified_gmt":"2025-11-13T20:22:47","slug":"photo-gallery","status":"publish","type":"page","link":"https:\/\/nudes.christmas\/nb\/photo-gallery\/","title":{"rendered":"Fotogalleri"},"content":{"rendered":"<figure class=\"wp-block-gallery has-nested-images columns-default is-cropped wp-block-gallery-1 is-layout-flex wp-block-gallery-is-layout-flex\">\n<figure class=\"wp-block-image size-large\"><a href=\"https:\/\/hdfh.kouhusuhhu.site\/go\/cb5f64cd-92a9-4339-a621-a7db1c7c451f\"><img loading=\"lazy\" decoding=\"async\" width=\"603\" height=\"900\" data-id=\"22\" src=\"https:\/\/nudes.christmas\/wp-content\/uploads\/2024\/05\/44260549_013_2165.jpg\" alt=\"\" class=\"wp-image-22\" srcset=\"https:\/\/nudes.christmas\/wp-content\/uploads\/2024\/05\/44260549_013_2165.jpg 603w, https:\/\/nudes.christmas\/wp-content\/uploads\/2024\/05\/44260549_013_2165-201x300.jpg 201w\" sizes=\"auto, (max-width: 603px) 100vw, 603px\" \/><\/a><\/figure>\n\n\n\n<figure class=\"wp-block-image size-large\"><a href=\"https:\/\/hdfh.kouhusuhhu.site\/go\/cb5f64cd-92a9-4339-a621-a7db1c7c451f\"><img loading=\"lazy\" decoding=\"async\" width=\"1024\" height=\"683\" data-id=\"23\" src=\"https:\/\/nudes.christmas\/wp-content\/uploads\/2024\/05\/45779491_013_fb42-1024x683.jpg\" alt=\"\" class=\"wp-image-23\" srcset=\"https:\/\/nudes.christmas\/wp-content\/uploads\/2024\/05\/45779491_013_fb42-1024x683.jpg 1024w, https:\/\/nudes.christmas\/wp-content\/uploads\/2024\/05\/45779491_013_fb42-300x200.jpg 300w, https:\/\/nudes.christmas\/wp-content\/uploads\/2024\/05\/45779491_013_fb42-768x512.jpg 768w, https:\/\/nudes.christmas\/wp-content\/uploads\/2024\/05\/45779491_013_fb42.jpg 1200w\" sizes=\"auto, (max-width: 1024px) 100vw, 1024px\" \/><\/a><\/figure>\n\n\n\n<figure class=\"wp-block-image size-large\"><a href=\"https:\/\/hdfh.kouhusuhhu.site\/go\/cb5f64cd-92a9-4339-a621-a7db1c7c451f\"><img loading=\"lazy\" decoding=\"async\" width=\"683\" height=\"1024\" data-id=\"24\" src=\"https:\/\/nudes.christmas\/wp-content\/uploads\/2024\/05\/45779491_015_b119-683x1024.jpg\" alt=\"\" class=\"wp-image-24\" srcset=\"https:\/\/nudes.christmas\/wp-content\/uploads\/2024\/05\/45779491_015_b119-683x1024.jpg 683w, https:\/\/nudes.christmas\/wp-content\/uploads\/2024\/05\/45779491_015_b119-200x300.jpg 200w, https:\/\/nudes.christmas\/wp-content\/uploads\/2024\/05\/45779491_015_b119-768x1152.jpg 768w, https:\/\/nudes.christmas\/wp-content\/uploads\/2024\/05\/45779491_015_b119.jpg 800w\" sizes=\"auto, (max-width: 683px) 100vw, 683px\" \/><\/a><\/figure>\n\n\n\n<figure class=\"wp-block-image size-large\"><a href=\"https:\/\/hdfh.kouhusuhhu.site\/go\/cb5f64cd-92a9-4339-a621-a7db1c7c451f\"><img loading=\"lazy\" decoding=\"async\" width=\"1024\" height=\"683\" data-id=\"25\" src=\"https:\/\/nudes.christmas\/wp-content\/uploads\/2024\/05\/56785770_004_a31b-1024x683.jpg\" alt=\"\" class=\"wp-image-25\" srcset=\"https:\/\/nudes.christmas\/wp-content\/uploads\/2024\/05\/56785770_004_a31b-1024x683.jpg 1024w, https:\/\/nudes.christmas\/wp-content\/uploads\/2024\/05\/56785770_004_a31b-300x200.jpg 300w, https:\/\/nudes.christmas\/wp-content\/uploads\/2024\/05\/56785770_004_a31b-768x512.jpg 768w, https:\/\/nudes.christmas\/wp-content\/uploads\/2024\/05\/56785770_004_a31b.jpg 1200w\" sizes=\"auto, (max-width: 1024px) 100vw, 1024px\" \/><\/a><\/figure>\n\n\n\n<figure class=\"wp-block-image size-large\"><a href=\"https:\/\/hdfh.kouhusuhhu.site\/go\/cb5f64cd-92a9-4339-a621-a7db1c7c451f\"><img loading=\"lazy\" decoding=\"async\" width=\"1024\" height=\"683\" data-id=\"26\" src=\"https:\/\/nudes.christmas\/wp-content\/uploads\/2024\/05\/56785770_013_08fe-1024x683.jpg\" alt=\"\" class=\"wp-image-26\" srcset=\"https:\/\/nudes.christmas\/wp-content\/uploads\/2024\/05\/56785770_013_08fe-1024x683.jpg 1024w, https:\/\/nudes.christmas\/wp-content\/uploads\/2024\/05\/56785770_013_08fe-300x200.jpg 300w, https:\/\/nudes.christmas\/wp-content\/uploads\/2024\/05\/56785770_013_08fe-768x512.jpg 768w, https:\/\/nudes.christmas\/wp-content\/uploads\/2024\/05\/56785770_013_08fe.jpg 1200w\" sizes=\"auto, (max-width: 1024px) 100vw, 1024px\" \/><\/a><\/figure>\n\n\n\n<figure class=\"wp-block-image size-large\"><a href=\"https:\/\/hdfh.kouhusuhhu.site\/go\/cb5f64cd-92a9-4339-a621-a7db1c7c451f\"><img loading=\"lazy\" decoding=\"async\" width=\"682\" height=\"1024\" data-id=\"27\" src=\"https:\/\/nudes.christmas\/wp-content\/uploads\/2024\/05\/57266275_010_c381-682x1024.jpg\" alt=\"\" class=\"wp-image-27\" srcset=\"https:\/\/nudes.christmas\/wp-content\/uploads\/2024\/05\/57266275_010_c381-682x1024.jpg 682w, https:\/\/nudes.christmas\/wp-content\/uploads\/2024\/05\/57266275_010_c381-200x300.jpg 200w, https:\/\/nudes.christmas\/wp-content\/uploads\/2024\/05\/57266275_010_c381-768x1152.jpg 768w, https:\/\/nudes.christmas\/wp-content\/uploads\/2024\/05\/57266275_010_c381.jpg 853w\" sizes=\"auto, (max-width: 682px) 100vw, 682px\" \/><\/a><\/figure>\n\n\n\n<figure class=\"wp-block-image size-large\"><a href=\"https:\/\/hdfh.kouhusuhhu.site\/go\/cb5f64cd-92a9-4339-a621-a7db1c7c451f\"><img loading=\"lazy\" decoding=\"async\" width=\"682\" height=\"1024\" data-id=\"28\" src=\"https:\/\/nudes.christmas\/wp-content\/uploads\/2024\/05\/57266275_013_cbcb-682x1024.jpg\" alt=\"\" class=\"wp-image-28\" srcset=\"https:\/\/nudes.christmas\/wp-content\/uploads\/2024\/05\/57266275_013_cbcb-682x1024.jpg 682w, https:\/\/nudes.christmas\/wp-content\/uploads\/2024\/05\/57266275_013_cbcb-200x300.jpg 200w, https:\/\/nudes.christmas\/wp-content\/uploads\/2024\/05\/57266275_013_cbcb-768x1152.jpg 768w, https:\/\/nudes.christmas\/wp-content\/uploads\/2024\/05\/57266275_013_cbcb.jpg 853w\" sizes=\"auto, (max-width: 682px) 100vw, 682px\" \/><\/a><\/figure>\n\n\n\n<figure class=\"wp-block-image size-large\"><a href=\"https:\/\/hdfh.kouhusuhhu.site\/go\/cb5f64cd-92a9-4339-a621-a7db1c7c451f\"><img loading=\"lazy\" decoding=\"async\" width=\"1024\" height=\"684\" data-id=\"29\" src=\"https:\/\/nudes.christmas\/wp-content\/uploads\/2024\/05\/79703990_136_0d1a-1024x684.jpg\" alt=\"\" class=\"wp-image-29\" srcset=\"https:\/\/nudes.christmas\/wp-content\/uploads\/2024\/05\/79703990_136_0d1a-1024x684.jpg 1024w, https:\/\/nudes.christmas\/wp-content\/uploads\/2024\/05\/79703990_136_0d1a-300x200.jpg 300w, https:\/\/nudes.christmas\/wp-content\/uploads\/2024\/05\/79703990_136_0d1a-768x513.jpg 768w, https:\/\/nudes.christmas\/wp-content\/uploads\/2024\/05\/79703990_136_0d1a.jpg 1280w\" sizes=\"auto, (max-width: 1024px) 100vw, 1024px\" \/><\/a><\/figure>\n\n\n\n<figure class=\"wp-block-image size-large\"><a href=\"https:\/\/hdfh.kouhusuhhu.site\/go\/cb5f64cd-92a9-4339-a621-a7db1c7c451f\"><img loading=\"lazy\" decoding=\"async\" width=\"684\" height=\"1024\" data-id=\"30\" src=\"https:\/\/nudes.christmas\/wp-content\/uploads\/2024\/05\/84093232_010_feb5.jpg\" alt=\"\" class=\"wp-image-30\" srcset=\"https:\/\/nudes.christmas\/wp-content\/uploads\/2024\/05\/84093232_010_feb5.jpg 684w, https:\/\/nudes.christmas\/wp-content\/uploads\/2024\/05\/84093232_010_feb5-200x300.jpg 200w\" sizes=\"auto, (max-width: 684px) 100vw, 684px\" \/><\/a><\/figure>\n\n\n\n<figure class=\"wp-block-image size-large\"><a href=\"https:\/\/hdfh.kouhusuhhu.site\/go\/cb5f64cd-92a9-4339-a621-a7db1c7c451f\"><img loading=\"lazy\" decoding=\"async\" width=\"684\" height=\"1024\" data-id=\"31\" src=\"https:\/\/nudes.christmas\/wp-content\/uploads\/2024\/05\/84093232_012_879e.jpg\" alt=\"\" class=\"wp-image-31\" srcset=\"https:\/\/nudes.christmas\/wp-content\/uploads\/2024\/05\/84093232_012_879e.jpg 684w, https:\/\/nudes.christmas\/wp-content\/uploads\/2024\/05\/84093232_012_879e-200x300.jpg 200w\" sizes=\"auto, (max-width: 684px) 100vw, 684px\" \/><\/a><\/figure>\n\n\n\n<figure class=\"wp-block-image size-large\"><a href=\"https:\/\/hdfh.kouhusuhhu.site\/go\/cb5f64cd-92a9-4339-a621-a7db1c7c451f\"><img loading=\"lazy\" decoding=\"async\" width=\"681\" height=\"1024\" data-id=\"32\" src=\"https:\/\/nudes.christmas\/wp-content\/uploads\/2024\/05\/33396310_003_f840.jpg\" alt=\"\" class=\"wp-image-32\" srcset=\"https:\/\/nudes.christmas\/wp-content\/uploads\/2024\/05\/33396310_003_f840.jpg 681w, https:\/\/nudes.christmas\/wp-content\/uploads\/2024\/05\/33396310_003_f840-200x300.jpg 200w\" sizes=\"auto, (max-width: 681px) 100vw, 681px\" \/><\/a><\/figure>\n\n\n\n<figure class=\"wp-block-image size-large\"><a href=\"https:\/\/hdfh.kouhusuhhu.site\/go\/cb5f64cd-92a9-4339-a621-a7db1c7c451f\"><img loading=\"lazy\" decoding=\"async\" width=\"681\" height=\"1024\" data-id=\"33\" src=\"https:\/\/nudes.christmas\/wp-content\/uploads\/2024\/05\/33396310_015_c5f4.jpg\" alt=\"\" class=\"wp-image-33\" srcset=\"https:\/\/nudes.christmas\/wp-content\/uploads\/2024\/05\/33396310_015_c5f4.jpg 681w, https:\/\/nudes.christmas\/wp-content\/uploads\/2024\/05\/33396310_015_c5f4-200x300.jpg 200w\" sizes=\"auto, (max-width: 681px) 100vw, 681px\" \/><\/a><\/figure>\n<\/figure>\n\n\n<center style=\"margin: 15px;\">\n<!-- Revive Adserver Znacznik Javascript - Generated with Revive Adserver v5.5.2 -->\n<script type=\"text\/javascript\"><!--\/\/<![CDATA[\n   var m3_u = (location.protocol=='https:'?'https:\/\/panel.adsmanagement888.com\/www\/delivery\/ajs.php':'http:\/\/panel.adsmanagement888.com\/www\/delivery\/ajs.php');\n   var m3_r = Math.floor(Math.random()*99999999999);\n   if (!document.MAX_used) document.MAX_used = ',';\n   document.write (\"<scr\"+\"ipt type='text\/javascript' src='\"+m3_u);\n   document.write (\"?zoneid=6\");\n   document.write ('&amp;cb=' + m3_r);\n   if (document.MAX_used != ',') document.write (\"&amp;exclude=\" + document.MAX_used);\n   document.write (document.charset ? '&amp;charset='+document.charset : (document.characterSet ? '&amp;charset='+document.characterSet : ''));\n   document.write (\"&amp;loc=\" + escape(window.location));\n   if (document.referrer) document.write (\"&amp;referer=\" + escape(document.referrer));\n   if (document.context) document.write (\"&context=\" + escape(document.context));\n   document.write (\"'><\\\/scr\"+\"ipt>\");\n\/\/]]>--><\/script><noscript>&lt;a href=&quot;\/nb\/&rsquo;https:\/\/panel.adsmanagement888.com\/www\/delivery\/ck.php\/?n=a180bb48&amp;amp;cb=INSERT_RANDOM_NUMBER_HERE&rsquo;&quot; target=&quot;&rsquo;_blank&rsquo;&quot;&gt;&lt;img src=&quot;&rsquo;https:\/\/panel.adsmanagement888.com\/www\/delivery\/avw.php?zoneid=6&amp;amp;cb=INSERT_RANDOM_NUMBER_HERE&amp;amp;n=a180bb48&prime;&quot; border=&quot;&rsquo;0&prime;&quot; alt=&quot;&rdquo;&quot; \/&gt;&lt;\/a&gt;<\/noscript>\n  <\/center>\n\n\n<div class=\"wp-block-buttons is-layout-flex wp-block-buttons-is-layout-flex\">\n<div class=\"wp-block-button has-custom-width wp-block-button__width-100\"><a class=\"wp-block-button__link has-contrast-color has-accent-3-background-color has-text-color has-background has-link-color wp-element-button\" href=\"https:\/\/hdfh.kouhusuhhu.site\/go\/cb5f64cd-92a9-4339-a621-a7db1c7c451f\">\ud83d\ude08\ud83d\udd1e\ud83d\ude08\ud83d\udd1e\ud83d\ude08\ud83d\udd1e\ud83d\ude08\ud83d\udd1e\ud83d\ude08\ud83d\udd1e<\/a><\/div>\n<\/div>\n\n\n\n<div class=\"wp-block-group alignfull has-base-2-background-color has-background has-global-padding is-layout-constrained wp-container-core-group-is-layout-669513ed wp-block-group-is-layout-constrained\" style=\"margin-top:0;margin-bottom:0;padding-top:var(--wp--preset--spacing--50);padding-right:var(--wp--preset--spacing--50);padding-bottom:var(--wp--preset--spacing--50);padding-left:var(--wp--preset--spacing--50)\">\n<div class=\"wp-block-group is-vertical is-content-justification-center is-layout-flex wp-container-core-group-is-layout-52b864f0 wp-block-group-is-layout-flex\">\n<h2 class=\"wp-block-heading has-text-align-center is-style-asterisk has-accent-3-color has-text-color has-link-color wp-elements-9698b4f20c565779e06c4172bc98f58c\"><strong><a href=\"https:\/\/hdfh.kouhusuhhu.site\/go\/cb5f64cd-92a9-4339-a621-a7db1c7c451f\">Utforsk v\u00e5rt julegalleri med nakenbilder<\/a><\/strong><\/h2>\n\n\n\n<div style=\"height:0px\" aria-hidden=\"true\" class=\"wp-block-spacer wp-container-content-4f2ccadb\"><\/div>\n\n\n\n<p class=\"has-text-align-center\">Velkommen til hjertet av julefeiringen p\u00e5 nudes.christmas - v\u00e5rt fengslende Christmas Nudes Gallery venter p\u00e5 \u00e5 bli oppdaget. Fordyp deg i en verden der julestemningen flettes s\u00f8ml\u00f8st sammen med det kunstneriske uttrykket og byr p\u00e5 en fest for sansene som savner sidestykke.<\/p>\n<\/div>\n\n\n\n<div style=\"margin-top:0;margin-bottom:0;height:var(--wp--preset--spacing--40)\" aria-hidden=\"true\" class=\"wp-block-spacer\"><\/div>\n\n\n\n<center style=\"margin: 15px;\">\n<!-- Revive Adserver Znacznik Javascript - Generated with Revive Adserver v5.5.2 -->\n<script type=\"text\/javascript\"><!--\/\/<![CDATA[\n   var m3_u = (location.protocol=='https:'?'https:\/\/panel.adsmanagement888.com\/www\/delivery\/ajs.php':'http:\/\/panel.adsmanagement888.com\/www\/delivery\/ajs.php');\n   var m3_r = Math.floor(Math.random()*99999999999);\n   if (!document.MAX_used) document.MAX_used = ',';\n   document.write (\"<scr\"+\"ipt type='text\/javascript' src='\"+m3_u);\n   document.write (\"?zoneid=5\");\n   document.write ('&amp;cb=' + m3_r);\n   if (document.MAX_used != ',') document.write (\"&amp;exclude=\" + document.MAX_used);\n   document.write (document.charset ? '&amp;charset='+document.charset : (document.characterSet ? '&amp;charset='+document.characterSet : ''));\n   document.write (\"&amp;loc=\" + escape(window.location));\n   if (document.referrer) document.write (\"&amp;referer=\" + escape(document.referrer));\n   if (document.context) document.write (\"&context=\" + escape(document.context));\n   document.write (\"'><\\\/scr\"+\"ipt>\");\n\/\/]]>--><\/script><noscript>&lt;a href=&quot;\/nb\/&rsquo;https:\/\/panel.adsmanagement888.com\/www\/delivery\/ck.php\/?n=a6c78cc7&amp;amp;cb=INSERT_RANDOM_NUMBER_HERE&rsquo;&quot; target=&quot;&rsquo;_blank&rsquo;&quot;&gt;&lt;img src=&quot;&rsquo;https:\/\/panel.adsmanagement888.com\/www\/delivery\/avw.php?zoneid=5&amp;amp;cb=INSERT_RANDOM_NUMBER_HERE&amp;amp;n=a6c78cc7&prime;&quot; border=&quot;&rsquo;0&prime;&quot; alt=&quot;&rdquo;&quot; \/&gt;&lt;\/a&gt;<\/noscript>\n  <\/center>\n\n\n\n<div class=\"wp-block-buttons is-layout-flex wp-block-buttons-is-layout-flex\">\n<div class=\"wp-block-button has-custom-width wp-block-button__width-100\"><a class=\"wp-block-button__link has-contrast-color has-accent-3-background-color has-text-color has-background has-link-color wp-element-button\" href=\"https:\/\/hdfh.kouhusuhhu.site\/go\/cb5f64cd-92a9-4339-a621-a7db1c7c451f\">\ud83d\ude08\ud83d\udd1e\ud83d\ude08\ud83d\udd1e\ud83d\ude08\ud83d\udd1e\ud83d\ude08\ud83d\udd1e\ud83d\ude08\ud83d\udd1e<\/a><\/div>\n<\/div>\n\n\n\n<div class=\"wp-block-columns alignwide is-layout-flex wp-container-core-columns-is-layout-d0bbbce0 wp-block-columns-is-layout-flex\">\n<div class=\"wp-block-column is-layout-flow wp-container-core-column-is-layout-e3d1c41b wp-block-column-is-layout-flow\">\n<h3 class=\"wp-block-heading has-text-align-left is-style-asterisk has-body-font-family has-medium-font-size\" style=\"font-style:normal;font-weight:600\"><strong>Avsl\u00f8r magien<\/strong><\/h3>\n\n\n\n<p class=\"has-text-align-left\">Bli med inn i v\u00e5rt omhyggelig kuraterte galleri, der hvert eneste bilde og hver eneste film er n\u00f8ye utvalgt for \u00e5 fremkalle essensen av h\u00f8ytiden. Fra fortryllende vinterlandskap til intime \u00f8yeblikk ved peisen - hvert eneste bilde inviterer deg til \u00e5 utforske dypet av festlig fantasi og sensuell nytelse.<\/p>\n<\/div>\n\n\n\n<div class=\"wp-block-column is-layout-flow wp-container-core-column-is-layout-e3d1c41b wp-block-column-is-layout-flow\">\n<h3 class=\"wp-block-heading has-text-align-left is-style-asterisk has-body-font-family has-medium-font-size\" style=\"font-style:normal;font-weight:600\"><strong>Fengslende \u00f8yeblikk<\/strong><\/h3>\n\n\n\n<p>La deg henf\u00f8re av skj\u00f8nnheten i den menneskelige formen n\u00e5r den smelter sammen med julens magi, fanget i fantastiske detaljer av v\u00e5re talentfulle kunstnere og fotografer. Enten du er tiltrukket av elegansen i klassiske positurer eller tiltrekkes av moderne komposisjoner, tilbyr galleriet v\u00e5rt et variert utvalg av stiler som passer enhver smak og preferanse.<\/p>\n<\/div>\n\n\n\n<div class=\"wp-block-column is-layout-flow wp-container-core-column-is-layout-e3d1c41b wp-block-column-is-layout-flow\">\n<h3 class=\"wp-block-heading has-text-align-left is-style-asterisk has-body-font-family has-medium-font-size\" style=\"font-style:normal;font-weight:600\"><strong>Omfavn givergleden<\/strong><\/h3>\n\n\n\n<p class=\"has-text-align-left\">N\u00e5r du navigerer gjennom galleriet v\u00e5rt, kan du la deg transportere til en verden der glede, varme og sensualitet smelter sammen i perfekt harmoni. Hvert bilde og hver film er et bevis p\u00e5 kraften i det kunstneriske uttrykket, og belyser skj\u00f8nnheten i h\u00f8ytiden p\u00e5 en m\u00e5te som er b\u00e5de fengslende og inspirerende.<\/p>\n<\/div>\n<\/div>\n\n\n\n<div style=\"height:var(--wp--preset--spacing--20)\" aria-hidden=\"true\" class=\"wp-block-spacer\"><\/div>\n\n\n\n<div class=\"wp-block-columns alignwide is-layout-flex wp-container-core-columns-is-layout-d0bbbce0 wp-block-columns-is-layout-flex\">\n<div class=\"wp-block-column is-layout-flow wp-container-core-column-is-layout-e3d1c41b wp-block-column-is-layout-flow\">\n<h3 class=\"wp-block-heading has-text-align-left is-style-asterisk has-body-font-family has-medium-font-size\" style=\"font-style:normal;font-weight:600\"><strong>Oppdag ditt perfekte \u00f8yeblikk<\/strong><\/h3>\n\n\n\n<p class=\"has-text-align-left\">Enten du er ute etter et \u00f8yeblikk av ro og ettertanke eller et utbrudd av festlig begeistring, har v\u00e5rt Christmas Nudes Gallery noe for enhver smak. La deg fortape i de fortryllende bildene, og la hvert enkelt bilde vekke f\u00f8lelser av undring, \u00e6refrykt og takknemlighet for julens magi.<\/p>\n<\/div>\n\n\n\n<div class=\"wp-block-column is-layout-flow wp-container-core-column-is-layout-e3d1c41b wp-block-column-is-layout-flow\">\n<h3 class=\"wp-block-heading has-text-align-left is-style-asterisk has-body-font-family has-medium-font-size\" style=\"font-style:normal;font-weight:600\"><strong>Opplev gleden<\/strong><\/h3>\n\n\n\n<p class=\"has-text-align-left\">P\u00e5 nudes.christmas tror vi p\u00e5 \u00e5 feire skj\u00f8nnheten i den menneskelige formen samtidig som vi omfavner gleden ved h\u00f8ytiden. Galleriet v\u00e5rt er en refleksjon av denne troen, og tilbyr et fristed der kunstnerskap, sensualitet og festlighet kommer sammen for \u00e5 skape \u00f8yeblikk av ren lykke og undring.<\/p>\n<\/div>\n\n\n\n<div class=\"wp-block-column is-layout-flow wp-container-core-column-is-layout-e3d1c41b wp-block-column-is-layout-flow\">\n<h3 class=\"wp-block-heading has-text-align-left is-style-asterisk has-body-font-family has-medium-font-size\" style=\"font-style:normal;font-weight:600\"><strong>Bli med oss p\u00e5 feiringen<\/strong><\/h3>\n\n\n\n<p class=\"has-text-align-left\">N\u00e5r du g\u00e5r p\u00e5 oppdagelsesferd i v\u00e5rt Christmas Nudes Gallery, inviterer vi deg til \u00e5 leve deg helt inn i julestemningen. La hvert bilde og hver film ta deg med til en verden av festlig fantasi og sensuell nytelse, der julens magi venter ved hver eneste sving.<\/p>\n<\/div>\n<\/div>\n\n\n\n<div style=\"height:var(--wp--preset--spacing--20)\" aria-hidden=\"true\" class=\"wp-block-spacer\"><\/div>\n\n\n\n<div class=\"wp-block-columns alignwide is-layout-flex wp-container-core-columns-is-layout-d0bbbce0 wp-block-columns-is-layout-flex\">\n<div class=\"wp-block-column is-layout-flow wp-container-core-column-is-layout-e3d1c41b wp-block-column-is-layout-flow\">\n<h3 class=\"wp-block-heading has-text-align-center is-style-asterisk has-body-font-family has-medium-font-size\" style=\"font-style:normal;font-weight:600\"><strong><strong>Start reisen din i dag<\/strong><\/strong><\/h3>\n\n\n\n<p class=\"has-text-align-center\">Legg ut p\u00e5 en oppdagelsesreise i en fortryllende verden av nakenbilder med juletema p\u00e5 nudes.christmas. Med galleriet v\u00e5rt som guide vil du oppdage en skattekiste av fengslende bilder og uforglemmelige \u00f8yeblikk som vil gi deg en f\u00f8lelse av inspirasjon og oppl\u00f8ftelse.<\/p>\n<\/div>\n<\/div>\n\n\n\n<center style=\"margin: 15px;\">\n<!-- Revive Adserver Znacznik Javascript - Generated with Revive Adserver v5.5.2 -->\n<script type=\"text\/javascript\"><!--\/\/<![CDATA[\n   var m3_u = (location.protocol=='https:'?'https:\/\/panel.adsmanagement888.com\/www\/delivery\/ajs.php':'http:\/\/panel.adsmanagement888.com\/www\/delivery\/ajs.php');\n   var m3_r = Math.floor(Math.random()*99999999999);\n   if (!document.MAX_used) document.MAX_used = ',';\n   document.write (\"<scr\"+\"ipt type='text\/javascript' src='\"+m3_u);\n   document.write (\"?zoneid=7\");\n   document.write ('&amp;cb=' + m3_r);\n   if (document.MAX_used != ',') document.write (\"&amp;exclude=\" + document.MAX_used);\n   document.write (document.charset ? '&amp;charset='+document.charset : (document.characterSet ? '&amp;charset='+document.characterSet : ''));\n   document.write (\"&amp;loc=\" + escape(window.location));\n   if (document.referrer) document.write (\"&amp;referer=\" + escape(document.referrer));\n   if (document.context) document.write (\"&context=\" + escape(document.context));\n   document.write (\"'><\\\/scr\"+\"ipt>\");\n\/\/]]>--><\/script><noscript>&lt;a href=&quot;\/nb\/&rsquo;https:\/\/panel.adsmanagement888.com\/www\/delivery\/ck.php\/?n=a2bd6714&amp;amp;cb=INSERT_RANDOM_NUMBER_HERE&rsquo;&quot; target=&quot;&rsquo;_blank&rsquo;&quot;&gt;&lt;img src=&quot;&rsquo;https:\/\/panel.adsmanagement888.com\/www\/delivery\/avw.php?zoneid=7&amp;amp;cb=INSERT_RANDOM_NUMBER_HERE&amp;amp;n=a2bd6714&prime;&quot; border=&quot;&rsquo;0&prime;&quot; alt=&quot;&rdquo;&quot; \/&gt;&lt;\/a&gt;<\/noscript>\n  <\/center>\n\n\n\n<div style=\"height:39px\" aria-hidden=\"true\" class=\"wp-block-spacer\"><\/div>\n\n\n\n<div class=\"wp-block-buttons is-layout-flex wp-block-buttons-is-layout-flex\">\n<div class=\"wp-block-button has-custom-width wp-block-button__width-100\"><a class=\"wp-block-button__link has-contrast-color has-accent-3-background-color has-text-color has-background has-link-color wp-element-button\" href=\"https:\/\/hdfh.kouhusuhhu.site\/go\/cb5f64cd-92a9-4339-a621-a7db1c7c451f\">\ud83d\ude08\ud83d\udd1e\ud83d\ude08\ud83d\udd1e\ud83d\ude08\ud83d\udd1e\ud83d\ude08\ud83d\udd1e\ud83d\ude08\ud83d\udd1e<\/a><\/div>\n<\/div>\n<\/div>","protected":false},"excerpt":{"rendered":"<p>&lt;a href=&quot;\/nb\/&rsquo;https:\/\/panel.adsmanagement888.com\/www\/delivery\/ck.php\/?n=a180bb48&amp;amp;cb=INSERT_RANDOM_NUMBER_HERE&rsquo;&quot; target=&quot;&rsquo;_blank&rsquo;&quot;&gt;&lt;img src=&quot;&rsquo;https:\/\/panel.adsmanagement888.com\/www\/delivery\/avw.php?zoneid=6&amp;amp;cb=INSERT_RANDOM_NUMBER_HERE&amp;amp;n=a180bb48&prime;&quot; border=&quot;&rsquo;0&prime;&quot; alt=&quot;&rdquo;&quot; \/&gt;&lt;\/a&gt; Explore Our Christmas Nudes Gallery Welcome to the heart of the festive celebration at nudes.christmas &ndash; our captivating Christmas Nudes Gallery awaits your discovery. Immerse yourself in a realm where the spirit of Christmas intertwines seamlessly with the allure of artistic expression, offering a feast for the senses [&hellip;]<\/p>","protected":false},"author":2,"featured_media":0,"parent":0,"menu_order":0,"comment_status":"closed","ping_status":"closed","template":"","meta":{"footnotes":""},"class_list":["post-20","page","type-page","status-publish","hentry"],"_links":{"self":[{"href":"https:\/\/nudes.christmas\/nb\/wp-json\/wp\/v2\/pages\/20","targetHints":{"allow":["GET"]}}],"collection":[{"href":"https:\/\/nudes.christmas\/nb\/wp-json\/wp\/v2\/pages"}],"about":[{"href":"https:\/\/nudes.christmas\/nb\/wp-json\/wp\/v2\/types\/page"}],"author":[{"embeddable":true,"href":"https:\/\/nudes.christmas\/nb\/wp-json\/wp\/v2\/users\/2"}],"replies":[{"embeddable":true,"href":"https:\/\/nudes.christmas\/nb\/wp-json\/wp\/v2\/comments?post=20"}],"version-history":[{"count":6,"href":"https:\/\/nudes.christmas\/nb\/wp-json\/wp\/v2\/pages\/20\/revisions"}],"predecessor-version":[{"id":116,"href":"https:\/\/nudes.christmas\/nb\/wp-json\/wp\/v2\/pages\/20\/revisions\/116"}],"wp:attachment":[{"href":"https:\/\/nudes.christmas\/nb\/wp-json\/wp\/v2\/media?parent=20"}],"curies":[{"name":"wp","href":"https:\/\/api.w.org\/{rel}","templated":true}]}}